{"id":3686,"date":"2017-03-16T17:15:55","date_gmt":"2017-03-16T16:15:55","guid":{"rendered":"http:\/\/localhost\/userausera.com\/?page_id=3686"},"modified":"2022-05-17T10:01:44","modified_gmt":"2022-05-17T09:01:44","slug":"politica-de-privacidad","status":"publish","type":"page","link":"https:\/\/userausera.com\/?page_id=3686","title":{"rendered":"Pol\u00edtica de Privacidad"},"content":{"rendered":"<p>\u00a0 Informaci\u00f3n B\u00e1sica sobre Protecci\u00f3n de datos Responsable: Usera Usera S.L. Finalidad: Atender su solicitud. Legitimaci\u00f3n: Ejecuci\u00f3n de un contrato y consentimiento del interesado. Destinatarios: No se ceder\u00e1n datos a terceros, salvo obligaci\u00f3n legal. Derechos: Tiene d <a href=\"https:\/\/userausera.com\/?page_id=3686\" title=\"Read more on Pol\u00edtica de Privacidad\" class=\"more-link\">read more<\/a><\/p>\n","protected":false},"excerpt":{"rendered":"<p>\u00a0 Informaci\u00f3n B\u00e1sica sobre Protecci\u00f3n de datos Responsable: Usera Usera S.L. Finalidad: Atender su solicitud. Legitimaci\u00f3n: Ejecuci\u00f3n de un contrato y consentimiento del interesado. Destinatarios: No se ceder\u00e1n datos a terceros, salvo obligaci\u00f3n legal. Derechos: Tiene d read more<\/p>\n","protected":false},"author":1,"featured_media":0,"parent":0,"menu_order":0,"comment_status":"closed","ping_status":"closed","template":"","meta":[],"_links":{"self":[{"href":"https:\/\/userausera.com\/index.php?rest_route=\/wp\/v2\/pages\/3686"}],"collection":[{"href":"https:\/\/userausera.com\/index.php?rest_route=\/wp\/v2\/pages"}],"about":[{"href":"https:\/\/userausera.com\/index.php?rest_route=\/wp\/v2\/types\/page"}],"author":[{"embeddable":true,"href":"https:\/\/userausera.com\/index.php?rest_route=\/wp\/v2\/users\/1"}],"replies":[{"embeddable":true,"href":"https:\/\/userausera.com\/index.php?rest_route=%2Fwp%2Fv2%2Fcomments&post=3686"}],"version-history":[{"count":20,"href":"https:\/\/userausera.com\/index.php?rest_route=\/wp\/v2\/pages\/3686\/revisions"}],"predecessor-version":[{"id":4029,"href":"https:\/\/userausera.com\/index.php?rest_route=\/wp\/v2\/pages\/3686\/revisions\/4029"}],"wp:attachment":[{"href":"https:\/\/userausera.com\/index.php?rest_route=%2Fwp%2Fv2%2Fmedia&parent=3686"}],"curies":[{"name":"wp","href":"https:\/\/api.w.org\/{rel}","templated":true}]}}