{"id":270,"date":"2016-08-30T10:40:34","date_gmt":"2016-08-30T09:40:34","guid":{"rendered":"http:\/\/ld-wp.template-help.com\/wordpress_62222_default-light\/?page_id=270"},"modified":"2022-05-17T09:53:55","modified_gmt":"2022-05-17T08:53:55","slug":"aviso-legal","status":"publish","type":"page","link":"https:\/\/userausera.com\/?page_id=270","title":{"rendered":"Aviso Legal"},"content":{"rendered":"<p>CONDICIONES DE USO: La presente p\u00e1gina Web ha sido dise\u00f1ada por la entidad Usera Usera S.L., C\/ N\u00fa\u00f1ez Balboa N\u00ba 116, 8\u00aa, APTO. 830, Madrid, C.P. 28006, Espa\u00f1a, para dar a conocer los servicios ofertados, con fines meramente informativos, as\u00ed como para la recepci\u00f3n de po <a href=\"https:\/\/userausera.com\/?page_id=270\" title=\"Read more on Aviso Legal\" class=\"more-link\">read more<\/a><\/p>\n","protected":false},"excerpt":{"rendered":"<p>CONDICIONES DE USO: La presente p\u00e1gina Web ha sido dise\u00f1ada por la entidad Usera Usera S.L., C\/ N\u00fa\u00f1ez Balboa N\u00ba 116, 8\u00aa, APTO. 830, Madrid, C.P. 28006, Espa\u00f1a, para dar a conocer los servicios ofertados, con fines meramente informativos, as\u00ed como para la recepci\u00f3n de po read more<\/p>\n","protected":false},"author":1,"featured_media":0,"parent":0,"menu_order":0,"comment_status":"closed","ping_status":"closed","template":"","meta":[],"_links":{"self":[{"href":"https:\/\/userausera.com\/index.php?rest_route=\/wp\/v2\/pages\/270"}],"collection":[{"href":"https:\/\/userausera.com\/index.php?rest_route=\/wp\/v2\/pages"}],"about":[{"href":"https:\/\/userausera.com\/index.php?rest_route=\/wp\/v2\/types\/page"}],"author":[{"embeddable":true,"href":"https:\/\/userausera.com\/index.php?rest_route=\/wp\/v2\/users\/1"}],"replies":[{"embeddable":true,"href":"https:\/\/userausera.com\/index.php?rest_route=%2Fwp%2Fv2%2Fcomments&post=270"}],"version-history":[{"count":8,"href":"https:\/\/userausera.com\/index.php?rest_route=\/wp\/v2\/pages\/270\/revisions"}],"predecessor-version":[{"id":4044,"href":"https:\/\/userausera.com\/index.php?rest_route=\/wp\/v2\/pages\/270\/revisions\/4044"}],"wp:attachment":[{"href":"https:\/\/userausera.com\/index.php?rest_route=%2Fwp%2Fv2%2Fmedia&parent=270"}],"curies":[{"name":"wp","href":"https:\/\/api.w.org\/{rel}","templated":true}]}}